{"id":147,"date":"2016-09-29T16:12:13","date_gmt":"2016-09-29T19:12:13","guid":{"rendered":"http:\/\/sizely.murilo.rede.astrusweb.com\/?page_id=147"},"modified":"2021-09-06T16:12:28","modified_gmt":"2021-09-06T19:12:28","slug":"asizely","status":"publish","type":"page","link":"https:\/\/sizely.com.br\/en\/asizely\/","title":{"rendered":"Siz\u00e9ly"},"content":{"rendered":"<p><\/p>\n<h1>ABOUT SIZ\u00c9LY<\/h1>\n<p class=\"p1\" style=\"text-align: center;\"><span class=\"s1\">Siz\u00e9ly is a company that has been in the market since 1993, developing and producing women\u2019s underwear and beach fashion with differentiation on the design and modeling, focusing on comfort and beauty, among other attributes.<\/span><\/p>\n<p class=\"p1\" style=\"text-align: center;\"><span class=\"s1\">To do so, it uses fabrics and notions of excellent quality. International trends are source of inspiration, both in the unique prints as in the color chart chosen for each new collection.<\/span><\/p>\n<p class=\"p1\" style=\"text-align: center;\"><span class=\"s1\">Producing in sizes from 6<\/span> <span class=\"s1\">to 22, both in underwear fashion as beachwear, Siz\u00e9ly seeks to cater to women who, in addition of having good taste, know that beauty is translated in various shapes and sizes, women seeking an elaborate, seductive fashion, with variety of models, increasing their sensuality and self-esteem.<\/span> <span class=\"s1\">After all, being well with oneself, accepting oneself, feeling beautiful and empowered, each day it gets more important in the life of this woman who takes over her role as protagonist, without, however, forgetting her power of seduction and her femininity.<\/span><\/p>\n<p class=\"p1\" style=\"text-align: center;\"><span class=\"s1\">It is for these women that we put excellence and love in everything we produce. Because our business is not only women\u2019s underwear fashion, it is women\u2019s underwear fashion for special women!<\/span><\/p>\n<p><\/p>","protected":false},"excerpt":{"rendered":"<p>Siz\u00e9ly is a company that has been in the market since 1993, developing and producing women\u2019s underwear and beach fashion with differentiation on the design and modeling, focusing on comfort and beauty, among other attributes.<\/p>\n<p>To do so, it uses fabrics and notions of excellent quality. International trends are source of inspiration, both in the unique prints as in the color chart chosen for each new collection&#8230;<\/p>\n","protected":false},"author":21,"featured_media":1623,"parent":0,"menu_order":0,"comment_status":"closed","ping_status":"closed","template":"","meta":{"footnotes":""},"class_list":["post-147","page","type-page","status-publish","has-post-thumbnail","hentry"],"yoast_head":"<!-- This site is optimized with the Yoast SEO plugin v26.9 - https:\/\/yoast.com\/product\/yoast-seo-wordpress\/ -->\n<title>Siz\u00e9ly, h\u00e1 28 anos no mercado desenvolvendo moda \u00edntima diferenciada<\/title>\n<meta name=\"robots\" content=\"index, follow, max-snippet:-1, max-image-preview:large, max-video-preview:-1\" \/>\n<link rel=\"canonical\" href=\"https:\/\/sizely.com.br\/es\/asizely\/\" \/>\n<meta property=\"og:locale\" content=\"en_US\" \/>\n<meta property=\"og:type\" content=\"article\" \/>\n<meta property=\"og:title\" content=\"Siz\u00e9ly, h\u00e1 28 anos no mercado desenvolvendo moda \u00edntima diferenciada\" \/>\n<meta property=\"og:description\" content=\"[:pb]A Size\u0301ly e\u0301 um empresa que esta\u0301 presente no mercado desde 1993, desenvolvendo e produzindo moda i\u0301ntima e moda praia com diferenciac\u0327a\u0303o de design e modelagem, primando pelo conforto e beleza, entre outros atributos. O nosso nego\u0301cio na\u0303o e\u0301 somente moda i\u0301ntima, e\u0301 moda i\u0301ntima para mulheres especiais![:en]Siz\u00e9ly is a company that has been in the market since 1993, developing and producing women\u2019s underwear and beach fashion with differentiation on the design and modeling, focusing on comfort and beauty, among other attributes.  To do so, it uses fabrics and notions of excellent quality. International trends are source of inspiration, both in the unique prints as in the color chart chosen for each new collection...[:es]Size\u0301ly es una empresa que esta\u0301 presente en el mercado desde 1993, desarrollando y produciendo moda i\u0301ntima y moda playa con dise\u00f1o y modelado diferenciados, primando por el confort y la belleza, entre otros atributos.  Por estos motivos, utiliza tejidos y av\u00edos de excelente calidad. Las tendencias internacionales son fuentes de inspiraci\u00f3n, tanto en las estampas exclusivas como en paleta de colores escogidos en cada nueva colecci\u00f3n...[:]\" \/>\n<meta property=\"og:url\" content=\"https:\/\/sizely.com.br\/es\/asizely\/\" \/>\n<meta property=\"og:site_name\" content=\"Siz\u00e9ly\" \/>\n<meta property=\"article:modified_time\" content=\"2021-09-06T19:12:28+00:00\" \/>\n<meta property=\"og:image\" content=\"https:\/\/sizely.com.br\/wp-content\/uploads\/2016\/09\/Sizely-152-1024x684.jpg\" \/>\n\t<meta property=\"og:image:width\" content=\"1024\" \/>\n\t<meta property=\"og:image:height\" content=\"684\" \/>\n\t<meta property=\"og:image:type\" content=\"image\/jpeg\" \/>\n<meta name=\"twitter:card\" content=\"summary_large_image\" \/>\n<meta name=\"twitter:label1\" content=\"Est. reading time\" \/>\n\t<meta name=\"twitter:data1\" content=\"3 minutes\" \/>\n<script type=\"application\/ld+json\" class=\"yoast-schema-graph\">{\"@context\":\"https:\/\/schema.org\",\"@graph\":[{\"@type\":\"WebPage\",\"@id\":\"https:\/\/sizely.com.br\/es\/asizely\/\",\"url\":\"https:\/\/sizely.com.br\/es\/asizely\/\",\"name\":\"Siz\u00e9ly, h\u00e1 28 anos no mercado desenvolvendo moda \u00edntima diferenciada\",\"isPartOf\":{\"@id\":\"https:\/\/sizely.com.br\/#website\"},\"primaryImageOfPage\":{\"@id\":\"https:\/\/sizely.com.br\/es\/asizely\/#primaryimage\"},\"image\":{\"@id\":\"https:\/\/sizely.com.br\/es\/asizely\/#primaryimage\"},\"thumbnailUrl\":\"https:\/\/sizely.com.br\/wp-content\/uploads\/2016\/09\/Sizely-152.jpg\",\"datePublished\":\"2016-09-29T19:12:13+00:00\",\"dateModified\":\"2021-09-06T19:12:28+00:00\",\"breadcrumb\":{\"@id\":\"https:\/\/sizely.com.br\/es\/asizely\/#breadcrumb\"},\"inLanguage\":\"en-US\",\"potentialAction\":[{\"@type\":\"ReadAction\",\"target\":[\"https:\/\/sizely.com.br\/es\/asizely\/\"]}]},{\"@type\":\"ImageObject\",\"inLanguage\":\"en-US\",\"@id\":\"https:\/\/sizely.com.br\/es\/asizely\/#primaryimage\",\"url\":\"https:\/\/sizely.com.br\/wp-content\/uploads\/2016\/09\/Sizely-152.jpg\",\"contentUrl\":\"https:\/\/sizely.com.br\/wp-content\/uploads\/2016\/09\/Sizely-152.jpg\",\"width\":5803,\"height\":3874},{\"@type\":\"BreadcrumbList\",\"@id\":\"https:\/\/sizely.com.br\/es\/asizely\/#breadcrumb\",\"itemListElement\":[{\"@type\":\"ListItem\",\"position\":1,\"name\":\"In\u00edcio\",\"item\":\"https:\/\/sizely.com.br\/\"},{\"@type\":\"ListItem\",\"position\":2,\"name\":\"Siz\u00e9ly\"}]},{\"@type\":\"WebSite\",\"@id\":\"https:\/\/sizely.com.br\/#website\",\"url\":\"https:\/\/sizely.com.br\/\",\"name\":\"Siz\u00e9ly\",\"description\":\"(Portugu\u00eas do Brasil) Lingerie e moda praia\",\"potentialAction\":[{\"@type\":\"SearchAction\",\"target\":{\"@type\":\"EntryPoint\",\"urlTemplate\":\"https:\/\/sizely.com.br\/?s={search_term_string}\"},\"query-input\":{\"@type\":\"PropertyValueSpecification\",\"valueRequired\":true,\"valueName\":\"search_term_string\"}}],\"inLanguage\":\"en-US\"}]}<\/script>\n<!-- \/ Yoast SEO plugin. -->","yoast_head_json":{"title":"Siz\u00e9ly, h\u00e1 28 anos no mercado desenvolvendo moda \u00edntima diferenciada","robots":{"index":"index","follow":"follow","max-snippet":"max-snippet:-1","max-image-preview":"max-image-preview:large","max-video-preview":"max-video-preview:-1"},"canonical":"https:\/\/sizely.com.br\/es\/asizely\/","og_locale":"en_US","og_type":"article","og_title":"Siz\u00e9ly, h\u00e1 28 anos no mercado desenvolvendo moda \u00edntima diferenciada","og_description":"[:pb]A Size\u0301ly e\u0301 um empresa que esta\u0301 presente no mercado desde 1993, desenvolvendo e produzindo moda i\u0301ntima e moda praia com diferenciac\u0327a\u0303o de design e modelagem, primando pelo conforto e beleza, entre outros atributos. O nosso nego\u0301cio na\u0303o e\u0301 somente moda i\u0301ntima, e\u0301 moda i\u0301ntima para mulheres especiais![:en]Siz\u00e9ly is a company that has been in the market since 1993, developing and producing women\u2019s underwear and beach fashion with differentiation on the design and modeling, focusing on comfort and beauty, among other attributes.  To do so, it uses fabrics and notions of excellent quality. International trends are source of inspiration, both in the unique prints as in the color chart chosen for each new collection...[:es]Size\u0301ly es una empresa que esta\u0301 presente en el mercado desde 1993, desarrollando y produciendo moda i\u0301ntima y moda playa con dise\u00f1o y modelado diferenciados, primando por el confort y la belleza, entre otros atributos.  Por estos motivos, utiliza tejidos y av\u00edos de excelente calidad. Las tendencias internacionales son fuentes de inspiraci\u00f3n, tanto en las estampas exclusivas como en paleta de colores escogidos en cada nueva colecci\u00f3n...[:]","og_url":"https:\/\/sizely.com.br\/es\/asizely\/","og_site_name":"Siz\u00e9ly","article_modified_time":"2021-09-06T19:12:28+00:00","og_image":[{"width":1024,"height":684,"url":"https:\/\/sizely.com.br\/wp-content\/uploads\/2016\/09\/Sizely-152-1024x684.jpg","type":"image\/jpeg"}],"twitter_card":"summary_large_image","twitter_misc":{"Est. reading time":"3 minutes"},"schema":{"@context":"https:\/\/schema.org","@graph":[{"@type":"WebPage","@id":"https:\/\/sizely.com.br\/es\/asizely\/","url":"https:\/\/sizely.com.br\/es\/asizely\/","name":"Siz\u00e9ly, h\u00e1 28 anos no mercado desenvolvendo moda \u00edntima diferenciada","isPartOf":{"@id":"https:\/\/sizely.com.br\/#website"},"primaryImageOfPage":{"@id":"https:\/\/sizely.com.br\/es\/asizely\/#primaryimage"},"image":{"@id":"https:\/\/sizely.com.br\/es\/asizely\/#primaryimage"},"thumbnailUrl":"https:\/\/sizely.com.br\/wp-content\/uploads\/2016\/09\/Sizely-152.jpg","datePublished":"2016-09-29T19:12:13+00:00","dateModified":"2021-09-06T19:12:28+00:00","breadcrumb":{"@id":"https:\/\/sizely.com.br\/es\/asizely\/#breadcrumb"},"inLanguage":"en-US","potentialAction":[{"@type":"ReadAction","target":["https:\/\/sizely.com.br\/es\/asizely\/"]}]},{"@type":"ImageObject","inLanguage":"en-US","@id":"https:\/\/sizely.com.br\/es\/asizely\/#primaryimage","url":"https:\/\/sizely.com.br\/wp-content\/uploads\/2016\/09\/Sizely-152.jpg","contentUrl":"https:\/\/sizely.com.br\/wp-content\/uploads\/2016\/09\/Sizely-152.jpg","width":5803,"height":3874},{"@type":"BreadcrumbList","@id":"https:\/\/sizely.com.br\/es\/asizely\/#breadcrumb","itemListElement":[{"@type":"ListItem","position":1,"name":"In\u00edcio","item":"https:\/\/sizely.com.br\/"},{"@type":"ListItem","position":2,"name":"Siz\u00e9ly"}]},{"@type":"WebSite","@id":"https:\/\/sizely.com.br\/#website","url":"https:\/\/sizely.com.br\/","name":"Siz\u00e9ly","description":"(Portugu\u00eas do Brasil) Lingerie e moda praia","potentialAction":[{"@type":"SearchAction","target":{"@type":"EntryPoint","urlTemplate":"https:\/\/sizely.com.br\/?s={search_term_string}"},"query-input":{"@type":"PropertyValueSpecification","valueRequired":true,"valueName":"search_term_string"}}],"inLanguage":"en-US"}]}},"_links":{"self":[{"href":"https:\/\/sizely.com.br\/en\/wp-json\/wp\/v2\/pages\/147","targetHints":{"allow":["GET"]}}],"collection":[{"href":"https:\/\/sizely.com.br\/en\/wp-json\/wp\/v2\/pages"}],"about":[{"href":"https:\/\/sizely.com.br\/en\/wp-json\/wp\/v2\/types\/page"}],"author":[{"embeddable":true,"href":"https:\/\/sizely.com.br\/en\/wp-json\/wp\/v2\/users\/21"}],"replies":[{"embeddable":true,"href":"https:\/\/sizely.com.br\/en\/wp-json\/wp\/v2\/comments?post=147"}],"version-history":[{"count":20,"href":"https:\/\/sizely.com.br\/en\/wp-json\/wp\/v2\/pages\/147\/revisions"}],"predecessor-version":[{"id":1271,"href":"https:\/\/sizely.com.br\/en\/wp-json\/wp\/v2\/pages\/147\/revisions\/1271"}],"wp:featuredmedia":[{"embeddable":true,"href":"https:\/\/sizely.com.br\/en\/wp-json\/wp\/v2\/media\/1623"}],"wp:attachment":[{"href":"https:\/\/sizely.com.br\/en\/wp-json\/wp\/v2\/media?parent=147"}],"curies":[{"name":"wp","href":"https:\/\/api.w.org\/{rel}","templated":true}]}}